{"id":40,"date":"2018-05-22T12:23:22","date_gmt":"2018-05-22T12:23:22","guid":{"rendered":"http:\/\/wp.arscolendi.de\/?page_id=40"},"modified":"2025-12-01T04:52:43","modified_gmt":"2025-12-01T03:52:43","slug":"anfahrt","status":"publish","type":"page","link":"https:\/\/arscolendi.de\/?page_id=40","title":{"rendered":"Anfahrt"},"content":{"rendered":"<p><strong>ars colendi GmbH<br \/>\n<\/strong>Friedrich-List-Str. 25<br \/>\nD-33100 Paderborn<br \/>\nFon: +49 (0) 5251\/180 69 0<br \/>\nFax: +49 (0) 5251\/180 69 29<br \/>\ninfo(at)arscolendi.de<\/p>\n<div tabindex=\"700\" id=\"drdsgvo_map\" class=\"drdsgvo_map\" style=\"height:100%;margin:0:padding:0\"><\/div>\n<p>&nbsp;<\/p>\n<p><strong>Dortmund | Kassel<\/strong>: Sie fahren von der Autobahn Dortmund\/Kassel [A44] am Autobahnkreuz W\u00fcnnenberg\/ Haaren auf die Autobahn [A 33] in Richtung Bielefeld\/Paderborn. Darauf nehmen Sie die Abfahrt Paderborn Zentrum und fahren in Richtung Innenstadt. Nach ca. 500 m nehmen Sie die Abfahrt Richtung H\u00f6xter\/Bundesstra\u00dfe [B 64}. Auf dieser Umgehungsstra\u00dfe bleiben Sie bis zur Ausfahrt Paderborn-Ost. Diese m\u00fcndet auf den Georg-Marschall-Ring. Sie folgen der Richtungsangabe Detmold\/Gewerbegebiet D\u00f6rener Feld, \u00fcberfahren die Ampelkreuzung Driburger Stra\u00dfe und schlie\u00dflich die Eisenbahnlinie. Unmittelbar danach biegen Sie in das Gewerbegebiet Benhauser Feld ein. Dem Stra\u00dfenverlauf folgend, erreichen Sie auf der H\u00f6he des Malereinkaufs (3. Stra\u00dfe rechts) die Friedrich-List-Stra\u00dfe. Nach wenigen hundert Metern sehen Sie linke Hand schon das Geb\u00e4ude Nr. 25 unserer Firma.<\/p>\n<p><strong>Oberhausen | Hannover<\/strong>: Sie fahren von der Autobahn Oberhausen\/Hannover [A 2] am Autobahnkreuz Bielefeld auf die Autobahn [A 33] in Richtung Paderborn. Darauf nehmen Sie die Abfahrt Paderborn Zentrum\/H\u00f6xter\/Bundesstra\u00dfe [B 64}und fahren in Richtung Innenstadt. Nach ca. 700 m nehmen Sie die Abfahrt Richtung H\u00f6xter\/Bundesstra\u00dfe [B 64]. Auf dieser Umgehungsstra\u00dfe bleiben Sie bis zur Ausfahrt Paderborn-Ost. Diese m\u00fcndet auf den Georg-Marschall-Ring. Sie folgen der Richtungsangabe Detmold\/Gewerbegebiet D\u00f6rener Feld, \u00fcberfahren die Ampelkreuzung Driburger Stra\u00dfe und schlie\u00dflich die Eisenbahnlinie. Unmittelbar danach biegen Sie links ein in das Gewerbegebiet Benhauser Feld. Dem Stra\u00dfenverlauf folgend, erreichen Sie auf der H\u00f6he des Malereinkaufs (3. Stra\u00dfe rechts) die Friedrich-List-Stra\u00dfe. Nach wenigen hundert Metern sehen Sie linke Hand schon das Geb\u00e4ude Nr. 25 unserer Firma.<\/p>\n<p><strong>Mit dem Zug<\/strong>: Im Hauptbahnhof Paderborn gehen Sie aus dem Hauptportal kommend links zum Taxenstand oder zum Busbahnhof. Dort nehmen sie die Linie 8 und lassen sich bis zur Haltestelle Karl-Schurz-Sta\u00dfe im Gewerbegebiet Benhauser Feld fahren. In zwei Minuten Fu\u00dfweg erreichen Sie vorbei am Malereinkauf unsere Firma in der Friedrich-List-Str. 25. Oder rufen Sie uns unter 05251\/180690 an, wir holen Sie und Ihr Gep\u00e4ck gerne ab!<\/p>\n","protected":false},"excerpt":{"rendered":"<p>ars colendi GmbH Friedrich-List-Str. 25 D-33100 Paderborn Fon: +49 (0) 5251\/180 69 0 Fax: +49 (0) 5251\/180 69 29 info(at)arscolendi.de &nbsp; Dortmund | Kassel: Sie fahren von der Autobahn Dortmund\/Kassel [A44] am Autobahnkreuz W\u00fcnnenberg\/ Haaren auf die Autobahn [A 33] in Richtung Bielefeld\/Paderborn. Darauf nehmen Sie die Abfahrt Paderborn Zentrum und fahren in Richtung Innenstadt. &hellip; <\/p>\n<p class=\"link-more\"><a href=\"https:\/\/arscolendi.de\/?page_id=40\" class=\"more-link\"><span class=\"screen-reader-text\">\u201eAnfahrt\u201c <\/span>weiterlesen<\/a><\/p>\n","protected":false},"author":1,"featured_media":0,"parent":0,"menu_order":0,"comment_status":"closed","ping_status":"closed","template":"","meta":{"footnotes":""},"class_list":["post-40","page","type-page","status-publish","hentry"],"_links":{"self":[{"href":"https:\/\/arscolendi.de\/index.php?rest_route=\/wp\/v2\/pages\/40","targetHints":{"allow":["GET"]}}],"collection":[{"href":"https:\/\/arscolendi.de\/index.php?rest_route=\/wp\/v2\/pages"}],"about":[{"href":"https:\/\/arscolendi.de\/index.php?rest_route=\/wp\/v2\/types\/page"}],"author":[{"embeddable":true,"href":"https:\/\/arscolendi.de\/index.php?rest_route=\/wp\/v2\/users\/1"}],"replies":[{"embeddable":true,"href":"https:\/\/arscolendi.de\/index.php?rest_route=%2Fwp%2Fv2%2Fcomments&post=40"}],"version-history":[{"count":13,"href":"https:\/\/arscolendi.de\/index.php?rest_route=\/wp\/v2\/pages\/40\/revisions"}],"predecessor-version":[{"id":1014,"href":"https:\/\/arscolendi.de\/index.php?rest_route=\/wp\/v2\/pages\/40\/revisions\/1014"}],"wp:attachment":[{"href":"https:\/\/arscolendi.de\/index.php?rest_route=%2Fwp%2Fv2%2Fmedia&parent=40"}],"curies":[{"name":"wp","href":"https:\/\/api.w.org\/{rel}","templated":true}]}}